{"id":407,"date":"2024-06-03T16:51:12","date_gmt":"2024-06-03T19:51:12","guid":{"rendered":"https:\/\/elaportodas.com\/?page_id=407"},"modified":"2025-01-08T16:43:47","modified_gmt":"2025-01-08T19:43:47","slug":"sos-formulario","status":"publish","type":"page","link":"https:\/\/elaportodas.com\/index.php\/sos-formulario\/","title":{"rendered":"SOS Formul\u00e1rio"},"content":{"rendered":"\t\t<div data-elementor-type=\"wp-page\" data-elementor-id=\"407\" class=\"elementor elementor-407\">\n\t\t\t\t\t\t<section class=\"elementor-section elementor-top-section elementor-element elementor-element-6348eb1 elementor-section-height-min-height elementor-section-boxed elementor-section-height-default elementor-section-items-middle\" data-id=\"6348eb1\" data-element_type=\"section\" data-settings=\"{&quot;background_background&quot;:&quot;slideshow&quot;,&quot;background_slideshow_gallery&quot;:[{&quot;id&quot;:94,&quot;url&quot;:&quot;https:\\\/\\\/elaportodas.com\\\/wp-content\\\/uploads\\\/2024\\\/04\\\/women-protesting-rights-women-s-day.jpg&quot;},{&quot;id&quot;:113,&quot;url&quot;:&quot;https:\\\/\\\/elaportodas.com\\\/wp-content\\\/uploads\\\/2024\\\/04\\\/ui.jpg&quot;},{&quot;id&quot;:112,&quot;url&quot;:&quot;https:\\\/\\\/elaportodas.com\\\/wp-content\\\/uploads\\\/2024\\\/04\\\/women-protesting-rights-women-s-day-1.jpg&quot;}],&quot;background_slideshow_transition_duration&quot;:3000,&quot;background_slideshow_lazyload&quot;:&quot;yes&quot;,&quot;background_slideshow_ken_burns&quot;:&quot;yes&quot;,&quot;background_slideshow_ken_burns_zoom_direction&quot;:&quot;out&quot;,&quot;background_slideshow_loop&quot;:&quot;yes&quot;,&quot;background_slideshow_slide_duration&quot;:5000,&quot;background_slideshow_slide_transition&quot;:&quot;fade&quot;}\">\n\t\t\t\t\t\t\t<div class=\"elementor-background-overlay\"><\/div>\n\t\t\t\t\t\t\t<div class=\"elementor-container elementor-column-gap-default\">\n\t\t\t\t\t<div class=\"elementor-column elementor-col-100 elementor-top-column elementor-element elementor-element-46c6a6d elementor-hidden-tablet elementor-hidden-phone\" data-id=\"46c6a6d\" data-element_type=\"column\">\n\t\t\t<div class=\"elementor-widget-wrap elementor-element-populated\">\n\t\t\t\t\t\t<div class=\"elementor-element elementor-element-aff8af7 animated-slow elementor-invisible elementor-widget elementor-widget-heading\" data-id=\"aff8af7\" data-element_type=\"widget\" data-settings=\"{&quot;_animation&quot;:&quot;fadeInLeft&quot;}\" data-widget_type=\"heading.default\">\n\t\t\t\t<div class=\"elementor-widget-container\">\n\t\t\t<style>\/*! elementor - v3.20.0 - 20-03-2024 *\/\n.elementor-heading-title{padding:0;margin:0;line-height:1}.elementor-widget-heading .elementor-heading-title[class*=elementor-size-]>a{color:inherit;font-size:inherit;line-height:inherit}.elementor-widget-heading .elementor-heading-title.elementor-size-small{font-size:15px}.elementor-widget-heading .elementor-heading-title.elementor-size-medium{font-size:19px}.elementor-widget-heading .elementor-heading-title.elementor-size-large{font-size:29px}.elementor-widget-heading .elementor-heading-title.elementor-size-xl{font-size:39px}.elementor-widget-heading .elementor-heading-title.elementor-size-xxl{font-size:59px}<\/style><h2 class=\"elementor-heading-title elementor-size-default\">ELA POR TODAS, TODAS POR ELA - REDE DE ACOLHIMENTO, APOIO E ORIENTA\u00c7\u00c3O\n<\/h2>\t\t<\/div>\n\t\t\t\t<\/div>\n\t\t\t\t\t<\/div>\n\t\t<\/div>\n\t\t\t\t\t<\/div>\n\t\t<\/section>\n\t\t\t\t<section class=\"elementor-section elementor-top-section elementor-element elementor-element-b6c456a elementor-section-boxed elementor-section-height-default elementor-section-height-default\" data-id=\"b6c456a\" data-element_type=\"section\">\n\t\t\t\t\t\t<div class=\"elementor-container elementor-column-gap-default\">\n\t\t\t\t\t<div class=\"elementor-column elementor-col-100 elementor-top-column elementor-element elementor-element-dd8e24c\" data-id=\"dd8e24c\" data-element_type=\"column\">\n\t\t\t<div class=\"elementor-widget-wrap elementor-element-populated\">\n\t\t\t\t\t\t<section class=\"elementor-section elementor-inner-section elementor-element elementor-element-61f96cd elementor-section-boxed elementor-section-height-default elementor-section-height-default\" data-id=\"61f96cd\" data-element_type=\"section\">\n\t\t\t\t\t\t<div class=\"elementor-container elementor-column-gap-default\">\n\t\t\t\t\t<div class=\"elementor-column elementor-col-50 elementor-inner-column elementor-element elementor-element-87ae2b8\" data-id=\"87ae2b8\" data-element_type=\"column\">\n\t\t\t<div class=\"elementor-widget-wrap elementor-element-populated\">\n\t\t\t\t\t\t<div class=\"elementor-element elementor-element-4f85995 elementor-widget elementor-widget-heading\" data-id=\"4f85995\" data-element_type=\"widget\" data-widget_type=\"heading.default\">\n\t\t\t\t<div class=\"elementor-widget-container\">\n\t\t\t<h2 class=\"elementor-heading-title elementor-size-default\">Atendimento Racializado\n<\/h2>\t\t<\/div>\n\t\t\t\t<\/div>\n\t\t\t\t<div class=\"elementor-element elementor-element-655e1fb elementor-widget elementor-widget-text-editor\" data-id=\"655e1fb\" data-element_type=\"widget\" data-widget_type=\"text-editor.default\">\n\t\t\t\t<div class=\"elementor-widget-container\">\n\t\t\t<style>\/*! elementor - v3.20.0 - 20-03-2024 *\/\n.elementor-widget-text-editor.elementor-drop-cap-view-stacked .elementor-drop-cap{background-color:#69727d;color:#fff}.elementor-widget-text-editor.elementor-drop-cap-view-framed .elementor-drop-cap{color:#69727d;border:3px solid;background-color:transparent}.elementor-widget-text-editor:not(.elementor-drop-cap-view-default) .elementor-drop-cap{margin-top:8px}.elementor-widget-text-editor:not(.elementor-drop-cap-view-default) .elementor-drop-cap-letter{width:1em;height:1em}.elementor-widget-text-editor .elementor-drop-cap{float:left;text-align:center;line-height:1;font-size:50px}.elementor-widget-text-editor .elementor-drop-cap-letter{display:inline-block}<\/style>\t\t\t\t<p><b>Mulheres:<\/b><\/p><p>Se voc\u00ea est\u00e1 em um relacionamento abusivo e\/ou passando por qualquer forma de viol\u00eancia &#8211; seja f\u00edsica, psicol\u00f3gica, moral, sexual, patrimonial, institucional, pol\u00edtica ou racial &#8211; as E&#8217;LAS, mulheres volunt\u00e1rias de todo o Brasil, est\u00e3o aqui para ajudar.<\/p><p>A For\u00e7a-Tarefa foi criada com a miss\u00e3o de oferecer orienta\u00e7\u00e3o gratuita e online nas \u00e1reas jur\u00eddica, psicol\u00f3gica, assistencial, m\u00e9dica e rede de apoio e acolhimento.<\/p><p>Voc\u00ea receber\u00e1 orienta\u00e7\u00e3o em todas as \u00e1reas deste projeto.<\/p>\t\t\t\t\t\t<\/div>\n\t\t\t\t<\/div>\n\t\t\t\t\t<\/div>\n\t\t<\/div>\n\t\t\t\t<div class=\"elementor-column elementor-col-50 elementor-inner-column elementor-element elementor-element-e69f008\" data-id=\"e69f008\" data-element_type=\"column\">\n\t\t\t<div class=\"elementor-widget-wrap\">\n\t\t\t\t\t\t\t<\/div>\n\t\t<\/div>\n\t\t\t\t\t<\/div>\n\t\t<\/section>\n\t\t\t\t\t<\/div>\n\t\t<\/div>\n\t\t\t\t\t<\/div>\n\t\t<\/section>\n\t\t\t\t<section class=\"elementor-section elementor-top-section elementor-element elementor-element-2c30476 elementor-section-boxed elementor-section-height-default elementor-section-height-default\" data-id=\"2c30476\" data-element_type=\"section\" data-settings=\"{&quot;background_background&quot;:&quot;gradient&quot;}\">\n\t\t\t\t\t\t<div class=\"elementor-container elementor-column-gap-default\">\n\t\t\t\t\t<div class=\"elementor-column elementor-col-66 elementor-top-column elementor-element elementor-element-1e501b5\" data-id=\"1e501b5\" data-element_type=\"column\">\n\t\t\t<div class=\"elementor-widget-wrap elementor-element-populated\">\n\t\t\t\t\t\t<section class=\"elementor-section elementor-inner-section elementor-element elementor-element-ed3f071 elementor-section-boxed elementor-section-height-default elementor-section-height-default\" data-id=\"ed3f071\" data-element_type=\"section\">\n\t\t\t\t\t\t<div class=\"elementor-container elementor-column-gap-no\">\n\t\t\t\t\t<div class=\"elementor-column elementor-col-100 elementor-inner-column elementor-element elementor-element-9680da0 animated-slow elementor-invisible\" data-id=\"9680da0\" data-element_type=\"column\" data-settings=\"{&quot;animation&quot;:&quot;fadeInDown&quot;}\">\n\t\t\t<div class=\"elementor-widget-wrap elementor-element-populated\">\n\t\t\t\t\t\t<div class=\"elementor-element elementor-element-b4f3399 elementor-widget__width-auto elementor-widget elementor-widget-heading\" data-id=\"b4f3399\" data-element_type=\"widget\" data-widget_type=\"heading.default\">\n\t\t\t\t<div class=\"elementor-widget-container\">\n\t\t\t<h2 class=\"elementor-heading-title elementor-size-default\">COMO PODEMOS AJUDAR?\n<\/h2>\t\t<\/div>\n\t\t\t\t<\/div>\n\t\t\t\t<div class=\"elementor-element elementor-element-7266b18 elementor-widget elementor-widget-text-editor\" data-id=\"7266b18\" data-element_type=\"widget\" data-widget_type=\"text-editor.default\">\n\t\t\t\t<div class=\"elementor-widget-container\">\n\t\t\t\t\t\t\t<p><b>PREENCHA ESTE FORMUL\u00c1RIO CORRETAMENTE PARA QUE POSSAMOS CONECT\u00c1-LA A UM GRUPO DE LIDERAN\u00c7AS E VOLUNT\u00c1RIAS\u00a0 QUE IR\u00c3O TE OUVIR, APOIAR E ORIENTAR.<\/b><\/p>\t\t\t\t\t\t<\/div>\n\t\t\t\t<\/div>\n\t\t\t\t\t<\/div>\n\t\t<\/div>\n\t\t\t\t\t<\/div>\n\t\t<\/section>\n\t\t\t\t\t<\/div>\n\t\t<\/div>\n\t\t\t\t<div class=\"elementor-column elementor-col-33 elementor-top-column elementor-element elementor-element-4b90990\" data-id=\"4b90990\" data-element_type=\"column\">\n\t\t\t<div class=\"elementor-widget-wrap elementor-element-populated\">\n\t\t\t\t\t\t<section class=\"elementor-section elementor-inner-section elementor-element elementor-element-8943943 elementor-section-boxed elementor-section-height-default elementor-section-height-default\" data-id=\"8943943\" data-element_type=\"section\">\n\t\t\t\t\t\t<div class=\"elementor-container elementor-column-gap-no\">\n\t\t\t\t\t<div class=\"elementor-column elementor-col-100 elementor-inner-column elementor-element elementor-element-0a81379\" data-id=\"0a81379\" data-element_type=\"column\">\n\t\t\t<div class=\"elementor-widget-wrap elementor-element-populated\">\n\t\t\t\t\t\t<div class=\"elementor-element elementor-element-445c472 elementor-widget elementor-widget-heading\" data-id=\"445c472\" data-element_type=\"widget\" data-widget_type=\"heading.default\">\n\t\t\t\t<div class=\"elementor-widget-container\">\n\t\t\t<h2 class=\"elementor-heading-title elementor-size-default\">Importante: Seus dados ser\u00e3o mantidos em sigilo. Pe\u00e7a ajuda e esteja informada sobre os seus direitos. Denuncie. Uma vida livre de viol\u00eancia \u00e9 um Direito de toda Mulher. ''Eu n\u00e3o sou livre enquanto alguma mulher n\u00e3o o for, mesmo quando as correntes dela forem muito diferentes das minhas. - Audre Lorde''\n<\/h2>\t\t<\/div>\n\t\t\t\t<\/div>\n\t\t\t\t<div class=\"elementor-element elementor-element-b10115e elementor-widget elementor-widget-heading\" data-id=\"b10115e\" data-element_type=\"widget\" data-widget_type=\"heading.default\">\n\t\t\t\t<div class=\"elementor-widget-container\">\n\t\t\t<h2 class=\"elementor-heading-title elementor-size-default\">LIGUE 180 - Um dos servi\u00e7os de utilidade p\u00fablica essenciais para o enfrentamento \u00e0 viol\u00eancia contra a mulher \u00e9 o Ligue 180, que recebe den\u00fancias e encaminha aos \u00f3rg\u00e3os competentes e monitora o andamento dos processos. O servi\u00e7o orienta e direciona as mulheres em situa\u00e7\u00e3o de viol\u00eancia para servi\u00e7os especializados da rede\u00a0de\u00a0atendimento.<\/h2>\t\t<\/div>\n\t\t\t\t<\/div>\n\t\t\t\t\t<\/div>\n\t\t<\/div>\n\t\t\t\t\t<\/div>\n\t\t<\/section>\n\t\t\t\t\t<\/div>\n\t\t<\/div>\n\t\t\t\t\t<\/div>\n\t\t<\/section>\n\t\t\t\t<section class=\"elementor-section elementor-top-section elementor-element elementor-element-751b6e1 elementor-section-boxed elementor-section-height-default elementor-section-height-default\" data-id=\"751b6e1\" data-element_type=\"section\">\n\t\t\t\t\t\t<div class=\"elementor-container elementor-column-gap-default\">\n\t\t\t\t\t<div class=\"elementor-column elementor-col-100 elementor-top-column elementor-element elementor-element-ef26288\" data-id=\"ef26288\" data-element_type=\"column\">\n\t\t\t<div class=\"elementor-widget-wrap elementor-element-populated\">\n\t\t\t\t\t\t<div class=\"elementor-element elementor-element-7f11da5 elementor-widget elementor-widget-text-editor\" data-id=\"7f11da5\" data-element_type=\"widget\" data-widget_type=\"text-editor.default\">\n\t\t\t\t<div class=\"elementor-widget-container\">\n\t\t\t\t\t\t\t<p><b>Envie Sua Den\u00fancia \u2013 Estamos Aqui Por Voc\u00ea<\/b><\/p><p>Se voc\u00ea ou algu\u00e9m que voc\u00ea conhece est\u00e1 enfrentando situa\u00e7\u00f5es de viol\u00eancia, abuso ou qualquer forma de viola\u00e7\u00e3o de direitos, saiba que n\u00e3o est\u00e1 sozinha. O projeto Ela Por Todas est\u00e1 aqui para ouvir voc\u00ea, apoiar e buscar solu\u00e7\u00f5es.<\/p><p>\ud83d\udce9 Entre em contato conosco atrav\u00e9s do e-mail:<br \/><b>sos@elaportodas.com<\/b><\/p><p>Seu relato ser\u00e1 tratado com total confidencialidade, respeito e empatia. Nossa miss\u00e3o \u00e9 oferecer suporte, orienta\u00e7\u00e3o e encaminhamento para que voc\u00ea tenha a ajuda necess\u00e1ria.<\/p><p>Lembre-se: voc\u00ea n\u00e3o est\u00e1 sozinha nessa jornada. Juntas somos mais fortes!<\/p>\t\t\t\t\t\t<\/div>\n\t\t\t\t<\/div>\n\t\t\t\t<div class=\"elementor-element elementor-element-75cc0f6 elementor-widget elementor-widget-heading\" data-id=\"75cc0f6\" data-element_type=\"widget\" data-widget_type=\"heading.default\">\n\t\t\t\t<div class=\"elementor-widget-container\">\n\t\t\t<h2 class=\"elementor-heading-title elementor-size-default\">PE\u00c7A AJUDA! ESTEJA INFORMADA! BUSQUE ORIENTA\u00c7\u00c3O! DENUNCIE!\n<\/h2>\t\t<\/div>\n\t\t\t\t<\/div>\n\t\t\t\t<div class=\"elementor-element elementor-element-e1156f8 elementor-widget elementor-widget-heading\" data-id=\"e1156f8\" data-element_type=\"widget\" data-widget_type=\"heading.default\">\n\t\t\t\t<div class=\"elementor-widget-container\">\n\t\t\t<h2 class=\"elementor-heading-title elementor-size-default\">UMA VIDA LIVRE DE VIOL\u00caNCIA \u00c9 UM DIREITO DE TODA MULHER.\n<\/h2>\t\t<\/div>\n\t\t\t\t<\/div>\n\t\t\t\t\t<\/div>\n\t\t<\/div>\n\t\t\t\t\t<\/div>\n\t\t<\/section>\n\t\t\t\t<\/div>\n\t\t","protected":false},"excerpt":{"rendered":"<p>ELA POR TODAS, TODAS POR ELA &#8211; REDE DE ACOLHIMENTO, APOIO E ORIENTA\u00c7\u00c3O Atendimento Racializado Mulheres: Se voc\u00ea est\u00e1 em um relacionamento abusivo e\/ou passando por qualquer forma de viol\u00eancia &#8211; seja f\u00edsica, psicol\u00f3gica, moral, sexual, patrimonial, institucional, pol\u00edtica ou racial &#8211; as E&#8217;LAS, mulheres volunt\u00e1rias de todo o Brasil, est\u00e3o aqui para ajudar. A [&hellip;]<\/p>\n","protected":false},"author":1,"featured_media":0,"parent":0,"menu_order":0,"comment_status":"closed","ping_status":"closed","template":"","meta":{"footnotes":""},"class_list":["post-407","page","type-page","status-publish","hentry"],"_links":{"self":[{"href":"https:\/\/elaportodas.com\/index.php\/wp-json\/wp\/v2\/pages\/407","targetHints":{"allow":["GET"]}}],"collection":[{"href":"https:\/\/elaportodas.com\/index.php\/wp-json\/wp\/v2\/pages"}],"about":[{"href":"https:\/\/elaportodas.com\/index.php\/wp-json\/wp\/v2\/types\/page"}],"author":[{"embeddable":true,"href":"https:\/\/elaportodas.com\/index.php\/wp-json\/wp\/v2\/users\/1"}],"replies":[{"embeddable":true,"href":"https:\/\/elaportodas.com\/index.php\/wp-json\/wp\/v2\/comments?post=407"}],"version-history":[{"count":46,"href":"https:\/\/elaportodas.com\/index.php\/wp-json\/wp\/v2\/pages\/407\/revisions"}],"predecessor-version":[{"id":700,"href":"https:\/\/elaportodas.com\/index.php\/wp-json\/wp\/v2\/pages\/407\/revisions\/700"}],"wp:attachment":[{"href":"https:\/\/elaportodas.com\/index.php\/wp-json\/wp\/v2\/media?parent=407"}],"curies":[{"name":"wp","href":"https:\/\/api.w.org\/{rel}","templated":true}]}}